{"id":16,"date":"2017-02-21T01:30:53","date_gmt":"2017-02-21T06:30:53","guid":{"rendered":"http:\/\/hernanjusto.com\/?page_id=16"},"modified":"2018-08-19T14:09:44","modified_gmt":"2018-08-19T19:09:44","slug":"bio-2","status":"publish","type":"page","link":"https:\/\/hernanjusto.co\/index.php\/es\/bio-2\/","title":{"rendered":"Bio"},"content":{"rendered":"<p>Hern\u00e1n Justo comenz\u00f3 sus estudios en 1974 en el Instituto Superior de Arte del Teatro Col\u00f3n de Buenos Aires, Argentina, despues de diez a\u00f1os de estudio fue contratado por Ballet Estable de Tucum\u00e1n en 1981 y luego Ballet Estable del Teatro Col\u00f3n como refuerzo de cuerpo de baile en 1982 y luego Teatro Argentino de la Plata en 1984, hasta su partida de Argentina.<\/p>\n<p>Su carrera luego lo llev\u00f3 al Ballet de Santiago de Chile en 1988, donde trabajo con maestros y core\u00f3grafos como Gyula Pandi (NCSA), Andree Prokovski (English National Ballet), Ronald Hynd ((English National Ballet), Ivan Nagy (American Ballet Theatre), Lazlo Seregui (Ballet Nacional de Hungria), Jack Carter (English National Ballet), Simon Motramm (Scapino Ballet Rotterdam), Ben Stevenson (Houston Ballet), entre muchos otros. en Chile tuvo la oportunidad de actuar como solista en el ballet tales como Giselle (Nagy tras Perrot), Swan Lake (Stevenson despu\u00e9s de Petipa), la Fierecilla domada (John Cranko), Anna Karenina (Andree Prokovsky), Los tres mosqueteros (Andree Prokovsky) El principe idiota (Valery Panov), Ni\u00f1o brujo (Jack Carter)<\/p>\n<p>Despu\u00e9s de tres a\u00f1os fue contratado por Ballet Clasico de Camara en Caracas(BCC) (Venezuela), bajo la direcci\u00f3n art\u00edstica de Nina Novak (Ballet Russe de Montecarlo), donde tuvo la oportunidad de trabajar con Kaleria Fedicheva (Marinsky Theatre) Vera Kirova (Ballet Nacional de Sof\u00eda &#8211; Bulgaria)<br \/>\nEn BCC Hernan. Justo tuvo la oportunidad de bailar los mas famosos pas de deuxs del repertorio cl\u00e1sico. M\u00e1s tarde se uni\u00f3 a Ballet Contempor\u00e1neo de Caracas, Venezuela, donde trabaj\u00f3 con Giuseppe Carbone (Scala de Mil\u00e1n) y trabajo el repertorio del coreografo John Butler en Othello y Carmina Burana y Mar\u00eda Eugenia Barrios: Tres amores, Shivaa. En 1992, Justo gan\u00f3 el premio &#8220;Mejor Pareja&#8221; en el Ballet Competition XV Iinternational en Varna, Bulgaria, la competici\u00f3n m\u00e1s prestigiosa en el ballet profesional. Tambi\u00e9n fue nominado como &#8220;mejor bailar\u00edn del A\u00f1o&#8221; en 1992 por &#8220;La Casa del Artista&#8221; en Caracas Venezuela y tambi\u00e9n ha ganado &#8220;Mejor Interpretaci\u00f3n Cl\u00e1sica&#8221; en el Prix Volinine en Par\u00eds, Francia. En 1994 particip\u00f3 en festivales de danza en Italia de gira por Venecia, Bassano Loano, Jessolo, Vignale. como asi tambien en 1995 en el Festival Internacional de Ballet de La Habana. Cub.<\/p>\n<p>Hern\u00e1n Justo particip\u00f3 en espectaculos y galas con prestigiosos bailarines, como Maximiliano Guerra (Scala de Milano) Julio Bocca (??American Ballet Theater) Maya Plisetskaya (Bolshoi Ballet) Jorge Ezquivel (Ballet Nacional de Cuba &#8211; Ballet de San Francisco) , Nikolaj H\u00fcbbe (New York City Ballet &#8211; Royal Danish ballet director art\u00edstico) Dagmar Moradillo (Ballet Nacional de Cuba) Cecilia Kerche (Ballet de R\u00edo de Janeiro) Carlos Acosta (Royal bBallet) Jos\u00e9 Mart\u00ednez (\u00d3pera de Par\u00eds) Marcelo Gomes (American Ballet Theatre) Vladimir Vassilev (Bolshoi ballet) Ekaterina Maximova (Bolshoi Ballet) Patrick Dupont (Opera de Paris) Larissa Ponomarenko (Boston ballet)<\/p>\n<p>Justo fue contratado como primer bailarin en el North Carolina Dance Theatre (NCDT) Actualmente Charlotte Ballet en 1994 bajo la direcci\u00f3n art\u00edstica de Salvatore Aiello y m\u00e1s tarde dirigido por el renombrado Jean Pierre Bonnefoux (Paris Opera Ballet &#8211; New York City Ballet), Patricia McBride (Nueva York City Ballet), y Jerri Kumery (New York City Ballet). En NCDT tuvo la posibilidad de amplirasu repertorio sumando ballets de grandes coreografos tales como George Balanchine Los Cuatro Temperamentos, Who Cares, Concierto Barrocco, Serenade, Allegro Brillante, de Alvyn Ailey Feast of Ashes, de Agnes de Mille Rodeo and de Sal Aiello The Turn of the Screws, El Cascanueces, Clown and other, Journey,Coppelia, de Alonzo King Map, Chantz and Dreamer. Con NCDTtuvo oportunidad de hacer giras por todo EE.UU. incluyendola ciudad de Nueva York, Nueva Orleans, los estados de Colorado, Texas, Alabama,Mississippi, Georgia, Virginia, Wisconsin, entre otros participando en el Festival de Spoleto en Charleston SC. Durante su comntrato en NCDT tambi\u00e9n fue miembro de la compa\u00f1\u00eda de Chautauqua Institutionen el estado de Nueva York como bailarin y maestro.<\/p>\n<p>Tras su retiro de los escenarios en en Mayo del a\u00f1o 2000 acept\u00f3 la invitacion de la fundadora Barbara Selvy del Carolina Ballet Theatre(CBT), de convertirse en el director Artistico de CBT. Justo transform\u00f3 CBT de compa\u00f1ia pre-profesional a una compa\u00f1ia profesional contratando de planta permanete a 10 bailarines. CBT hace tres espectaculos anuales en su teatro local y giras regionales y hasta internacionales. Ha coreografiado m\u00e1s de 50 ballets para la compa\u00f1\u00eda varios de ellos ballets completos como El Cascanueces (basado en original de Marius Petipa), El jorobado de Notre Dame, Jolly Roger, Cisne Negro, Mirror Mirror. Arriving in Indigo, Tipping Pointe,Las mil y una noches son algunos de los titulos creados. como asi tambien trabajos conteporaneos originales Pulling the Strings, Tangofusion, Preludios para una despedida, In \/ Humanity, Tango para Angelina, Celebration of Womenr, 8:25 de la noche &#8220;se borro el casta\u00f1o de tus ojos&#8221; entre otros.<\/p>\n<p>Como director invito a varios coreografos invitados como Mark Diamond(NCDT), Viktor Plonikov (Boston Ballet , Claudio Longo(Taller del Teatro San Martin de Bs As Argentina), Heather Maloy (Terpsicorps), Martin Miranda(Teatro Colon Bs As Argentina),Alonzo King (Lines contemporary Ballet) y Dwight Rhoden(Complexion contemporary ballet). Tambi\u00e9n desarrollan un programa de core\u00f3grafso residentes permitiendo miembros de la compa\u00f1\u00eda explorar su expresi\u00f3n creativa a\u00f1adiendo trabajos originalkes a la compa\u00f1ia Madeline Jazz, Anita Pacylowski, Francesca Genovese y Matt Harvey han creado obras que se mantienen en el repertorio de CBT.<br \/>\nHernan Justo a incorporado al repertorio de CBT obras de grandes coreografos como Petipa, Balanchine, Perrot, Bournonville.<\/p>\n<p>Como maestro Hernan ense\u00f1a a los niveles superiores de su Escuela DanceArts Greenville, y es invitado permaente de varios programas de verano en Charlotte Balklet en Charlotte NC, en Gretchen Green School of Dance en Savannah GA, en Springfield Ballet Company en Springfield IL<br \/>\n. En el pasado formo parte de los progamras de verano de Chautuauqua Intitution en Chautauqua NY, Griffin Ballet en Griffin GA, Olney Ballet en Olney MD.<\/p>\n<p>CBT colabor\u00f3 con varias organizaciones artisticas y educativas tanto en el estado de Carolina del Sur y como en otros estados. Ballet Spartanburg SC, Columbia Classical Ballet SC, Greenville Symphony Orchestra, Greenville Light Opera Works, Centro de Bellas Arte de Greenville, Academia Internacional de Ballet SC, Ballet Springfield IL, Olney Ballet MD, North Carolina Dance Theatre, Museo de los Ni\u00f1os SC, Biblioteca publica de Greenville<br \/>\nHernan Justo es co director tambi\u00e9n junto a su esposa Anita Sun Pacylowski del estudio de ballet DanceArts Greenville y con Anita tienen tres hijos Martin 27, Sof\u00eda 17 y Nicolas 14.<\/p>\n<p>&nbsp;<\/p>\n","protected":false},"excerpt":{"rendered":"<p>Hern\u00e1n Justo comenz\u00f3 sus estudios en 1974 en el Instituto Superior de Arte del Teatro Col\u00f3n de Buenos Aires, Argentina, despues de diez a\u00f1os de estudio fue contratado por Ballet Estable de Tucum\u00e1n en 1981 y luego Ballet Estable del Teatro Col\u00f3n como refuerzo de cuerpo de baile en 1982 y luego Teatro Argentino de &hellip; <\/p>\n<p class=\"link-more\"><a href=\"https:\/\/hernanjusto.co\/index.php\/es\/bio-2\/\" class=\"more-link\">Continue reading<span class=\"screen-reader-text\"> &#8220;Bio&#8221;<\/span><\/a><\/p>\n","protected":false},"author":1,"featured_media":0,"parent":0,"menu_order":0,"comment_status":"closed","ping_status":"closed","template":"","meta":{"_monsterinsights_skip_tracking":false,"_monsterinsights_sitenote_active":false,"_monsterinsights_sitenote_note":"","_monsterinsights_sitenote_category":0,"footnotes":""},"class_list":["post-16","page","type-page","status-publish","hentry"],"_links":{"self":[{"href":"https:\/\/hernanjusto.co\/index.php\/wp-json\/wp\/v2\/pages\/16","targetHints":{"allow":["GET"]}}],"collection":[{"href":"https:\/\/hernanjusto.co\/index.php\/wp-json\/wp\/v2\/pages"}],"about":[{"href":"https:\/\/hernanjusto.co\/index.php\/wp-json\/wp\/v2\/types\/page"}],"author":[{"embeddable":true,"href":"https:\/\/hernanjusto.co\/index.php\/wp-json\/wp\/v2\/users\/1"}],"replies":[{"embeddable":true,"href":"https:\/\/hernanjusto.co\/index.php\/wp-json\/wp\/v2\/comments?post=16"}],"version-history":[{"count":4,"href":"https:\/\/hernanjusto.co\/index.php\/wp-json\/wp\/v2\/pages\/16\/revisions"}],"predecessor-version":[{"id":199,"href":"https:\/\/hernanjusto.co\/index.php\/wp-json\/wp\/v2\/pages\/16\/revisions\/199"}],"wp:attachment":[{"href":"https:\/\/hernanjusto.co\/index.php\/wp-json\/wp\/v2\/media?parent=16"}],"curies":[{"name":"wp","href":"https:\/\/api.w.org\/{rel}","templated":true}]}}